{"id":7424,"date":"2026-04-28T16:15:24","date_gmt":"2026-04-28T14:15:24","guid":{"rendered":"https:\/\/dev.mrotex.com\/sklep\/bez-kategorii\/tasma-laczaca-do-glowicy-glownej\/"},"modified":"2026-05-08T14:29:42","modified_gmt":"2026-05-08T12:29:42","slug":"tasma-laczaca-do-glowicy-glownej","status":"publish","type":"product","link":"https:\/\/www.mrotex.com\/fr\/sklep\/akcesoria\/akcesoria-zamienne-do-cellu-m6-keymodule\/tasma-laczaca-do-glowicy-glownej\/","title":{"rendered":"Ruban de jonction pour la t\u00eate principale"},"content":{"rendered":"<p>Ta\u015bma \u0142\u0105cz\u0105ca podstaw\u0119 z p\u0142yt\u0105 g\u0142\u00f3wn\u0105 g\u0142owicy<\/p>","protected":false},"excerpt":{"rendered":"<p>Ta\u015bma \u0142\u0105cz\u0105ca podstaw\u0119 z p\u0142yt\u0105 g\u0142\u00f3wn\u0105 g\u0142owicy<\/p>","protected":false},"featured_media":9538,"comment_status":"closed","ping_status":"open","template":"","meta":{"_acf_changed":false},"product_brand":[],"product_cat":[154],"product_tag":[],"class_list":{"0":"post-7424","1":"product","2":"type-product","3":"status-publish","4":"has-post-thumbnail","6":"product_cat-akcesoria-zamienne-do-cellu-m6-keymodule","8":"first","9":"instock","10":"taxable","11":"shipping-taxable","12":"purchasable","13":"product-type-simple"},"acf":[],"_links":{"self":[{"href":"https:\/\/www.mrotex.com\/fr\/wp-json\/wp\/v2\/product\/7424","targetHints":{"allow":["GET"]}}],"collection":[{"href":"https:\/\/www.mrotex.com\/fr\/wp-json\/wp\/v2\/product"}],"about":[{"href":"https:\/\/www.mrotex.com\/fr\/wp-json\/wp\/v2\/types\/product"}],"replies":[{"embeddable":true,"href":"https:\/\/www.mrotex.com\/fr\/wp-json\/wp\/v2\/comments?post=7424"}],"wp:featuredmedia":[{"embeddable":true,"href":"https:\/\/www.mrotex.com\/fr\/wp-json\/wp\/v2\/media\/9538"}],"wp:attachment":[{"href":"https:\/\/www.mrotex.com\/fr\/wp-json\/wp\/v2\/media?parent=7424"}],"wp:term":[{"taxonomy":"product_brand","embeddable":true,"href":"https:\/\/www.mrotex.com\/fr\/wp-json\/wp\/v2\/product_brand?post=7424"},{"taxonomy":"product_cat","embeddable":true,"href":"https:\/\/www.mrotex.com\/fr\/wp-json\/wp\/v2\/product_cat?post=7424"},{"taxonomy":"product_tag","embeddable":true,"href":"https:\/\/www.mrotex.com\/fr\/wp-json\/wp\/v2\/product_tag?post=7424"}],"curies":[{"name":"wp","href":"https:\/\/api.w.org\/{rel}","templated":true}]}}