{"id":7431,"date":"2026-04-28T16:15:30","date_gmt":"2026-04-28T14:15:30","guid":{"rendered":"https:\/\/dev.mrotex.com\/sklep\/bez-kategorii\/cellu-m6-alliance-medical\/"},"modified":"2026-05-08T14:29:42","modified_gmt":"2026-05-08T12:29:42","slug":"cellu-m6-alliance-medical","status":"publish","type":"product","link":"https:\/\/www.mrotex.com\/fr\/sklep\/sprzet-uzywany\/cellu-m6-alliance-medical\/","title":{"rendered":"Cellu M6 Alliance Medical"},"content":{"rendered":"<p>Oryginalna endermologia Cellu M6 Alliance Medical, rok produkcji 2019, leasing sp\u0142acony . Urz\u0105dzenie medyczne, sprzeda\u017c na faktur\u0119 VAT 8%.W komplecie tablet, g\u0142owice 80,50,30, endermolift. W maju 2023 zosta\u0142a wymieniona nowa g\u0142owica 80. Urz\u0105dzenie w bardzo dobrym stanie, serwisowane w ITP S.A., zadbane, posiadamy wszystkie przegl\u0105dy techniczne pokazuj\u0105ce stan faktyczny sprz\u0119tu. Podczas ostatniego przegl\u0105du endermologia zosta\u0142a gruntownie sprawdzona. Parametry techniczne wskazuj\u0105 na stan idealny. Do maszyny do\u0142\u0105czam poprzedni\u0105 g\u0142owic\u0119, kt\u00f3ra mimo wypracowanych godzin w dalszym ci\u0105gu nadaje si\u0119 do u\u017cytkowania.<\/p>","protected":false},"excerpt":{"rendered":"<p>Kontakt s.kusy94@gmail.com<\/p>","protected":false},"featured_media":9541,"comment_status":"closed","ping_status":"open","template":"","meta":{"_acf_changed":false},"product_brand":[],"product_cat":[106],"product_tag":[],"class_list":{"0":"post-7431","1":"product","2":"type-product","3":"status-publish","4":"has-post-thumbnail","6":"product_cat-sprzet-uzywany","8":"first","9":"instock","10":"taxable","11":"shipping-taxable","12":"purchasable","13":"product-type-simple"},"acf":[],"_links":{"self":[{"href":"https:\/\/www.mrotex.com\/fr\/wp-json\/wp\/v2\/product\/7431","targetHints":{"allow":["GET"]}}],"collection":[{"href":"https:\/\/www.mrotex.com\/fr\/wp-json\/wp\/v2\/product"}],"about":[{"href":"https:\/\/www.mrotex.com\/fr\/wp-json\/wp\/v2\/types\/product"}],"replies":[{"embeddable":true,"href":"https:\/\/www.mrotex.com\/fr\/wp-json\/wp\/v2\/comments?post=7431"}],"wp:featuredmedia":[{"embeddable":true,"href":"https:\/\/www.mrotex.com\/fr\/wp-json\/wp\/v2\/media\/9541"}],"wp:attachment":[{"href":"https:\/\/www.mrotex.com\/fr\/wp-json\/wp\/v2\/media?parent=7431"}],"wp:term":[{"taxonomy":"product_brand","embeddable":true,"href":"https:\/\/www.mrotex.com\/fr\/wp-json\/wp\/v2\/product_brand?post=7431"},{"taxonomy":"product_cat","embeddable":true,"href":"https:\/\/www.mrotex.com\/fr\/wp-json\/wp\/v2\/product_cat?post=7431"},{"taxonomy":"product_tag","embeddable":true,"href":"https:\/\/www.mrotex.com\/fr\/wp-json\/wp\/v2\/product_tag?post=7431"}],"curies":[{"name":"wp","href":"https:\/\/api.w.org\/{rel}","templated":true}]}}