{"id":7474,"date":"2026-04-28T16:16:28","date_gmt":"2026-04-28T14:16:28","guid":{"rendered":"https:\/\/dev.mrotex.com\/sklep\/bez-kategorii\/bezszwowe-majtki-zabiegowe-meskie\/"},"modified":"2026-05-08T14:29:49","modified_gmt":"2026-05-08T12:29:49","slug":"bezszwowe-majtki-zabiegowe-meskie","status":"publish","type":"product","link":"https:\/\/www.mrotex.com\/fr\/sklep\/bodysuit\/bezszwowa-bielizna-zabiegowa\/bezszwowe-majtki-zabiegowe-meskie\/","title":{"rendered":"Slips de contention masculins sans coutures"},"content":{"rendered":"<p>Uniwersalne bezszwowe m\u0119skie majtki kosmetyczne <strong>zapewniaj\u0105 higien\u0119 i komfort<\/strong> podczas wielu zabieg\u00f3w medycznych, estetycznych i rehabilitacyjnych. S\u0105 niezb\u0119dne podczas wizyty w SPA oraz przy wi\u0119kszo\u015bci zabieg\u00f3w kosmetycznych w szczeg\u00f3lno\u015bci epilacji laserowej. Zapewniaj\u0105 komfort i swobod\u0119 ruch\u00f3w. Majtki wykonane s\u0105 z najwy\u017cszej jako\u015bci <strong>g\u0142adkiego i jedwabistego<\/strong> materia\u0142u, kt\u00f3ry jest elastyczny i \u015bci\u015ble dopasowuje si\u0119 do cia\u0142a. Dzi\u0119ki temu wytrzymaj\u0105 sesje kilkunastu zabieg\u00f3w.\u00a0 Majtki doskonale komponuj\u0105 si\u0119 z kostiumami Bodysuit do zabieg\u00f3w masa\u017cu podci\u015bnieniowego.<\/p>\n<h3>LOGO TWOJEJ FIRMY NA NASZYM WYROBIE<\/h3>\n<p>Informujemy, \u017ce istnieje mo\u017cliwo\u015b\u0107 umieszczenia znaku firmowego Pa\u0144stwa gabinetu na naszym wyrobie. Je\u017celi s\u0105 Pa\u0144stwo zainteresowani t\u0105 us\u0142ug\u0105 prosimy przes\u0142a\u0107 projekt Pa\u0144stwa znaku firmowego.<\/p>\n<p>P.P.H. Mrotex nie jest powi\u0105zany, autoryzowany ani zatwierdzony przez LPG SYSTEMS\u00ae. Znaki ENDERMOLOGIA \u00ae, LPG SYSTEMS \u00ae, LPG \u00ae, ENDERMOLOGIE \u00ae, ENDERMO \u00ae, CELLU M6 \u00ae, LIPO M6 \u00ae, LIFT M6 \u00ae, LIPOMASSAGE \u2122, LIPOMODELAGE \u2122, LIFTMASSAGE \u2122, LIFTMODELAGE \u2122, ENDERMOLIFT \u2122 i WELLBOX \u00ae s\u0105 znakami towarowymi zarejestrowanymi we Francji i poza jej granicami przez LPG SYSTEMS\u00ae<\/p>","protected":false},"excerpt":{"rendered":"<p>Uniwersalne bezszwowe m\u0119skie majtki kosmetyczne zapewniaj\u0105 higien\u0119 i komfort podczas wielu zabieg\u00f3w medycznych, estetycznych i rehabilitacyjnych. S\u0105 niezb\u0119dne podczas wizyty w SPA oraz przy wi\u0119kszo\u015bci zabieg\u00f3w kosmetycznych w szczeg\u00f3lno\u015bci epilacji laserowej. Zapewniaj\u0105 komfort i swobod\u0119 ruch\u00f3w. Majtki wykonane s\u0105 z najwy\u017cszej jako\u015bci g\u0142adkiego i jedwabistego materia\u0142u, kt\u00f3ry jest elastyczny i \u015bci\u015ble dopasowuje si\u0119 do cia\u0142a. [&hellip;]<\/p>\n","protected":false},"featured_media":9976,"comment_status":"closed","ping_status":"closed","template":"","meta":{"_acf_changed":false},"product_brand":[],"product_cat":[165],"product_tag":[],"class_list":{"0":"post-7474","1":"product","2":"type-product","3":"status-publish","4":"has-post-thumbnail","6":"product_cat-bezszwowa-bielizna-zabiegowa","8":"first","9":"instock","10":"taxable","11":"shipping-taxable","12":"purchasable","13":"product-type-simple"},"acf":[],"_links":{"self":[{"href":"https:\/\/www.mrotex.com\/fr\/wp-json\/wp\/v2\/product\/7474","targetHints":{"allow":["GET"]}}],"collection":[{"href":"https:\/\/www.mrotex.com\/fr\/wp-json\/wp\/v2\/product"}],"about":[{"href":"https:\/\/www.mrotex.com\/fr\/wp-json\/wp\/v2\/types\/product"}],"replies":[{"embeddable":true,"href":"https:\/\/www.mrotex.com\/fr\/wp-json\/wp\/v2\/comments?post=7474"}],"wp:featuredmedia":[{"embeddable":true,"href":"https:\/\/www.mrotex.com\/fr\/wp-json\/wp\/v2\/media\/9976"}],"wp:attachment":[{"href":"https:\/\/www.mrotex.com\/fr\/wp-json\/wp\/v2\/media?parent=7474"}],"wp:term":[{"taxonomy":"product_brand","embeddable":true,"href":"https:\/\/www.mrotex.com\/fr\/wp-json\/wp\/v2\/product_brand?post=7474"},{"taxonomy":"product_cat","embeddable":true,"href":"https:\/\/www.mrotex.com\/fr\/wp-json\/wp\/v2\/product_cat?post=7474"},{"taxonomy":"product_tag","embeddable":true,"href":"https:\/\/www.mrotex.com\/fr\/wp-json\/wp\/v2\/product_tag?post=7474"}],"curies":[{"name":"wp","href":"https:\/\/api.w.org\/{rel}","templated":true}]}}