{"id":7552,"date":"2026-04-28T16:18:12","date_gmt":"2026-04-28T14:18:12","guid":{"rendered":"https:\/\/dev.mrotex.com\/sklep\/bez-kategorii\/icoone-laser-med-2-lozko-zabiegowe\/"},"modified":"2026-05-08T14:29:57","modified_gmt":"2026-05-08T12:29:57","slug":"icoone-laser-med-2-lozko-zabiegowe","status":"publish","type":"product","link":"https:\/\/www.mrotex.com\/fr\/sklep\/sprzet-uzywany\/icoone-laser-med-2-lozko-zabiegowe\/","title":{"rendered":"ICOONE Laser Med 2 + table de traitement"},"content":{"rendered":"<p>Urz\u0105dzenie z 2022 roku, cena zawiera szkolenie oraz \u0142\u00f3\u017cko zabiegowe<\/p>","protected":false},"excerpt":{"rendered":"<p>Urz\u0105dzenie u\u017cywane ICOONE Laser Med 2<\/p>","protected":false},"featured_media":9618,"comment_status":"closed","ping_status":"open","template":"","meta":{"_acf_changed":false},"product_brand":[],"product_cat":[106],"product_tag":[],"class_list":{"0":"post-7552","1":"product","2":"type-product","3":"status-publish","4":"has-post-thumbnail","6":"product_cat-sprzet-uzywany","8":"first","9":"instock","10":"taxable","11":"shipping-taxable","12":"purchasable","13":"product-type-simple"},"acf":[],"_links":{"self":[{"href":"https:\/\/www.mrotex.com\/fr\/wp-json\/wp\/v2\/product\/7552","targetHints":{"allow":["GET"]}}],"collection":[{"href":"https:\/\/www.mrotex.com\/fr\/wp-json\/wp\/v2\/product"}],"about":[{"href":"https:\/\/www.mrotex.com\/fr\/wp-json\/wp\/v2\/types\/product"}],"replies":[{"embeddable":true,"href":"https:\/\/www.mrotex.com\/fr\/wp-json\/wp\/v2\/comments?post=7552"}],"wp:featuredmedia":[{"embeddable":true,"href":"https:\/\/www.mrotex.com\/fr\/wp-json\/wp\/v2\/media\/9618"}],"wp:attachment":[{"href":"https:\/\/www.mrotex.com\/fr\/wp-json\/wp\/v2\/media?parent=7552"}],"wp:term":[{"taxonomy":"product_brand","embeddable":true,"href":"https:\/\/www.mrotex.com\/fr\/wp-json\/wp\/v2\/product_brand?post=7552"},{"taxonomy":"product_cat","embeddable":true,"href":"https:\/\/www.mrotex.com\/fr\/wp-json\/wp\/v2\/product_cat?post=7552"},{"taxonomy":"product_tag","embeddable":true,"href":"https:\/\/www.mrotex.com\/fr\/wp-json\/wp\/v2\/product_tag?post=7552"}],"curies":[{"name":"wp","href":"https:\/\/api.w.org\/{rel}","templated":true}]}}