{"id":7585,"date":"2026-04-28T16:18:56","date_gmt":"2026-04-28T14:18:56","guid":{"rendered":"https:\/\/dev.mrotex.com\/sklep\/bez-kategorii\/glowica-aux-644a-do-urzadzenia-keymodule-tm\/"},"modified":"2026-05-08T14:29:58","modified_gmt":"2026-05-08T12:29:58","slug":"glowica-aux-644a-do-urzadzenia-keymodule-tm","status":"publish","type":"product","link":"https:\/\/www.mrotex.com\/fr\/sklep\/akcesoria\/glowica-aux-644a-do-urzadzenia-keymodule-tm\/","title":{"rendered":"G\u0142owica AUX 644A do urz\u0105dzenia KEYMODULE TM"},"content":{"rendered":"<p>G\u0142owica pomocnicza do urz\u0105dzenia\u00a0<span>KEYMODULE TM<\/span><\/p>\n<p><span>G\u0142owica u\u017cywana<\/span><\/p>","protected":false},"excerpt":{"rendered":"<p>G\u0142owica pomocnicza do urz\u0105dzenia\u00a0KEYMODULE TM G\u0142owica u\u017cywana<\/p>","protected":false},"featured_media":9639,"comment_status":"closed","ping_status":"open","template":"","meta":{"_acf_changed":false},"product_brand":[],"product_cat":[52],"product_tag":[],"class_list":{"0":"post-7585","1":"product","2":"type-product","3":"status-publish","4":"has-post-thumbnail","6":"product_cat-akcesoria","8":"first","9":"instock","10":"taxable","11":"shipping-taxable","12":"purchasable","13":"product-type-simple"},"acf":[],"_links":{"self":[{"href":"https:\/\/www.mrotex.com\/fr\/wp-json\/wp\/v2\/product\/7585","targetHints":{"allow":["GET"]}}],"collection":[{"href":"https:\/\/www.mrotex.com\/fr\/wp-json\/wp\/v2\/product"}],"about":[{"href":"https:\/\/www.mrotex.com\/fr\/wp-json\/wp\/v2\/types\/product"}],"replies":[{"embeddable":true,"href":"https:\/\/www.mrotex.com\/fr\/wp-json\/wp\/v2\/comments?post=7585"}],"wp:featuredmedia":[{"embeddable":true,"href":"https:\/\/www.mrotex.com\/fr\/wp-json\/wp\/v2\/media\/9639"}],"wp:attachment":[{"href":"https:\/\/www.mrotex.com\/fr\/wp-json\/wp\/v2\/media?parent=7585"}],"wp:term":[{"taxonomy":"product_brand","embeddable":true,"href":"https:\/\/www.mrotex.com\/fr\/wp-json\/wp\/v2\/product_brand?post=7585"},{"taxonomy":"product_cat","embeddable":true,"href":"https:\/\/www.mrotex.com\/fr\/wp-json\/wp\/v2\/product_cat?post=7585"},{"taxonomy":"product_tag","embeddable":true,"href":"https:\/\/www.mrotex.com\/fr\/wp-json\/wp\/v2\/product_tag?post=7585"}],"curies":[{"name":"wp","href":"https:\/\/api.w.org\/{rel}","templated":true}]}}