{"id":7612,"date":"2026-04-28T16:19:20","date_gmt":"2026-04-28T14:19:20","guid":{"rendered":"https:\/\/dev.mrotex.com\/sklep\/bez-kategorii\/revitalize-cream\/"},"modified":"2026-05-08T14:30:04","modified_gmt":"2026-05-08T12:30:04","slug":"revitalize-cream","status":"publish","type":"product","link":"https:\/\/www.mrotex.com\/fr\/sklep\/revceuticals\/revitalize-cream\/","title":{"rendered":"REVITALIZE CREAM"},"content":{"rendered":"<p><strong>Zaawansowana formu\u0142a regeneruj\u0105ca<\/strong><br \/>\u00a0<br \/><strong>REVITALIZE CREAM<\/strong> \u0142\u0105czy biomimetyczne lipidy, czynniki wzrostu oraz sk\u0142adniki koj\u0105ce, aby wspiera\u0107 napraw\u0119 i odnow\u0119 sk\u00f3ry:<\/p>\n<p><strong>Kompleks ceramid\u00f3w (Ceramide 1, 3, 6 II, cholesterol, fitosfingozyna)<\/strong><br \/>Odbudowuje i wzmacnia barier\u0119 sk\u00f3rn\u0105, ogranicza transepidermaln\u0105 utrat\u0119 wody i poprawia d\u0142ugoterminow\u0105 odporno\u015b\u0107 sk\u00f3ry.<\/p>\n<p><strong>Kolagen rozpuszczalny i hialuronian sodu<\/strong><br \/>Zapewniaj\u0105 g\u0142\u0119bokie nawil\u017cenie, poprawiaj\u0105 g\u0119sto\u015b\u0107 sk\u00f3ry oraz jej g\u0142adko\u015b\u0107 i elastyczno\u015b\u0107.<\/p>\n<p><strong>Czynniki wzrostu (sh-Oligopeptide-1, sh-Polypeptide-3)<\/strong><br \/>Wspieraj\u0105 odnow\u0119 kom\u00f3rkow\u0105, stymuluj\u0105 regeneracj\u0119 i poprawiaj\u0105 og\u00f3ln\u0105 jako\u015b\u0107 sk\u00f3ry.<\/p>\n<p><strong>Mas\u0142o shea, wosk pszczeli i oleje ro\u015blinne<\/strong><br \/>Od\u017cywiaj\u0105, chroni\u0105 i przynosz\u0105 ukojenie bez uczucia ci\u0119\u017cko\u015bci, przywracaj\u0105c mi\u0119kko\u015b\u0107 i spr\u0119\u017cysto\u015b\u0107.<\/p>\n<p><strong>Ekstrakt z Physalis Angulata, bisabolol i kwas glicyryzynowy<\/strong><br \/>\u0141agodz\u0105 podra\u017cnienia, redukuj\u0105 zaczerwienienia i wspieraj\u0105 r\u00f3wnowag\u0119 przeciwzapaln\u0105.<\/p>\n<p>ATP (adenozynotrifosforan)<br \/>Wspiera energi\u0119 kom\u00f3rkow\u0105 i witalno\u015b\u0107 sk\u00f3ry, sprzyjaj\u0105c m\u0142odszemu wygl\u0105dowi.<\/p>\n<p>Tekstura i doznania sensoryczne<\/p>\n<p><strong>REVITALIZE CREAM<\/strong> posiada bogat\u0105, a jednocze\u015bnie eleganck\u0105 konsystencj\u0119, kt\u00f3ra doskonale stapia si\u0119 ze sk\u00f3r\u0105, zapewniaj\u0105c natychmiastowy komfort bez zatykania por\u00f3w. Sk\u00f3ra staje si\u0119 od\u017cywiona, chroniona i widocznie zrewitalizowana, z luksusowym, wyrafinowanym wyko\u0144czeniem.<\/p>\n<p>Stosowa\u0107 rano i wieczorem na oczyszczon\u0105 sk\u00f3r\u0119, po aplikacji serum RevCeuticals<sup>\u00ae<\/sup>.<br \/>Delikatnie wmasowa\u0107 w sk\u00f3r\u0119 twarzy, szyi i dekoltu a\u017c do ca\u0142kowitego wch\u0142oni\u0119cia.<br \/>\u00a0<br \/>Dla najlepszych efekt\u00f3w \u0142\u0105czy\u0107 z:<br \/>\u2022 <strong>REVITAMIN HA+ SERUM<\/strong> \u2013 dzienna regeneracja i nawil\u017cenie<br \/>\u2022 <strong>REVTINOL SERUM<\/strong> \u2013 wieczorna odnowa i stymulacja kolagenu<\/p>\n<p><strong>REVITALIZE CREAM<\/strong> posiada bogat\u0105, a jednocze\u015bnie eleganck\u0105 konsystencj\u0119, kt\u00f3ra doskonale stapia si\u0119 ze sk\u00f3r\u0105, zapewniaj\u0105c natychmiastowy komfort bez zatykania por\u00f3w. Sk\u00f3ra staje si\u0119 od\u017cywiona, chroniona i widocznie zrewitalizowana, z luksusowym, wyrafinowanym wyko\u0144czeniem.<\/p>\n<p>Dla kogo jest <strong>REVITALIZE CREAM<\/strong>?<br \/>Krem idealnie sprawdzi si\u0119 przy:<br \/>\u2022 sk\u00f3rze suchej, odwodnionej i z niedoborem lipid\u00f3w<br \/>\u2022 sk\u00f3rze wra\u017cliwej lub reaktywnej<br \/>\u2022 sk\u00f3rze dojrza\u0142ej z utrat\u0105 j\u0119drno\u015bci i elastyczno\u015bci<br \/>\u2022 sk\u00f3rze po zabiegach estetycznych<br \/>\u2022 sk\u00f3rze nara\u017conej na stres \u015brodowiskowy i zanieczyszczenia miejskie<br \/>\u00a0<br \/><strong>Odpowiedni dla wszystkich os\u00f3b poszukuj\u0105cych luksusowej, medycznej piel\u0119gnacji sk\u00f3ry.<\/strong><\/p><\/p>","protected":false},"excerpt":{"rendered":"<p><strong>REVITALIZE CREAM<\/strong> to zaawansowany, wielofunkcyjny krem do twarzy stworzony z my\u015bl\u0105 o przywracaniu r\u00f3wnowagi sk\u00f3ry, wzmocnieniu jej bariery ochronnej oraz d\u0142ugofalowym wsparciu zdrowia i jako\u015bci sk\u00f3ry. Formu\u0142a zosta\u0142a opracowana dla sk\u00f3ry suchej, uwra\u017cliwionej, dojrza\u0142ej oraz os\u0142abionej przez stres \u015brodowiskowy, zabiegi estetyczne lub naturalne procesy starzenia. Ten luksusowy krem dzia\u0142a na g\u0142\u0119bokich poziomach regeneracji sk\u00f3ry.<\/p>\n<p>Efekt to sk\u00f3ra wyra\u017anie spokojniejsza, g\u0142adsza i zdrowsza, z poprawion\u0105 elastyczno\u015bci\u0105 i bardziej m\u0142odzie\u0144czym wygl\u0105dem.<\/p><\/p>","protected":false},"featured_media":9654,"comment_status":"closed","ping_status":"open","template":"","meta":{"_acf_changed":false},"product_brand":[],"product_cat":[61],"product_tag":[],"class_list":{"0":"post-7612","1":"product","2":"type-product","3":"status-publish","4":"has-post-thumbnail","6":"product_cat-revceuticals","8":"first","9":"instock","10":"taxable","11":"shipping-taxable","12":"purchasable","13":"product-type-simple"},"acf":[],"_links":{"self":[{"href":"https:\/\/www.mrotex.com\/fr\/wp-json\/wp\/v2\/product\/7612","targetHints":{"allow":["GET"]}}],"collection":[{"href":"https:\/\/www.mrotex.com\/fr\/wp-json\/wp\/v2\/product"}],"about":[{"href":"https:\/\/www.mrotex.com\/fr\/wp-json\/wp\/v2\/types\/product"}],"replies":[{"embeddable":true,"href":"https:\/\/www.mrotex.com\/fr\/wp-json\/wp\/v2\/comments?post=7612"}],"wp:featuredmedia":[{"embeddable":true,"href":"https:\/\/www.mrotex.com\/fr\/wp-json\/wp\/v2\/media\/9654"}],"wp:attachment":[{"href":"https:\/\/www.mrotex.com\/fr\/wp-json\/wp\/v2\/media?parent=7612"}],"wp:term":[{"taxonomy":"product_brand","embeddable":true,"href":"https:\/\/www.mrotex.com\/fr\/wp-json\/wp\/v2\/product_brand?post=7612"},{"taxonomy":"product_cat","embeddable":true,"href":"https:\/\/www.mrotex.com\/fr\/wp-json\/wp\/v2\/product_cat?post=7612"},{"taxonomy":"product_tag","embeddable":true,"href":"https:\/\/www.mrotex.com\/fr\/wp-json\/wp\/v2\/product_tag?post=7612"}],"curies":[{"name":"wp","href":"https:\/\/api.w.org\/{rel}","templated":true}]}}