{"id":7625,"date":"2026-04-28T16:19:27","date_gmt":"2026-04-28T14:19:27","guid":{"rendered":"https:\/\/dev.mrotex.com\/sklep\/bez-kategorii\/revhair-men\/"},"modified":"2026-05-08T14:30:05","modified_gmt":"2026-05-08T12:30:05","slug":"revhair-men","status":"publish","type":"product","link":"https:\/\/www.mrotex.com\/fr\/sklep\/revceuticals\/revhair-men\/","title":{"rendered":"RevHair+ Hommes"},"content":{"rendered":"<p>Application en pratique clinique<\/p>\n<p>Soutien moderne et biologiquement ax\u00e9 pour la long\u00e9vit\u00e9 des cheveux dans la philosophie RevCeuticals\u00ae.<br \/><strong>C'est une approche globale pour la long\u00e9vit\u00e9 des cheveux : protection, renforcement et stabilisation de la croissance \u00e0 long terme.<\/strong><\/p>\n<p><strong>Vitamines et oligo-\u00e9l\u00e9ments essentiels :<\/strong><\/p>\n<p>\u2022 Biotine (5000% VNR)<br \/>\u2022 Vitamine D (500% VQ)<br \/>\u2022 Vitamines B6 (P-5-P), B12 (m\u00e9thylcobalamine)<br \/>\u2022 S\u00e9l\u00e9nium (L-s\u00e9l\u00e9nom\u00e9thionine)<br \/>Cuivre (bisglycinate de cuivre)<\/p>\n<p><strong>Soutien du cycle de croissance des cheveux, de la synth\u00e8se de la k\u00e9ratine, de la pigmentation et de la protection cellulaire.<\/strong><\/p>\n<p>Contr\u00f4le de la DHT et soutien de l'\u00e9quilibre hormonal :<\/p>\n<ul>\n<li>Ekstrakt z palmy saba\u0142owej (45% kwas\u00f3w t\u0142uszczowych) \u2013 naturalne wsparcie kontroli aktywno\u015bci 5-alfa-reduktazy, ochrona mieszk\u00f3w przed miniaturyzacj\u0105<\/li>\n<li>Zinc (lactate de zinc) \u2013 soutien du m\u00e9tabolisme normal de la testost\u00e9rone, participation aux processus de division cellulaire<\/li>\n<\/ul>\n<p>Action visant \u00e0 limiter la chute de cheveux d\u00e9pendante des androg\u00e8nes<\/p>\n<\/p>\n<p><strong>M\u00e9canisme d'action multidirectionnel :<\/strong><br \/>\u2022 Contr\u00f4le de la DHT et soutien de l'\u00e9quilibre hormonal<br \/>\u2022 Renforcement de la structure du cheveu et du cuir chevelu<br \/>\u2022 Complexe de silice \u2013 int\u00e9grit\u00e9 et r\u00e9silience<br \/>\u2022 Protection antioxydante et anti-inflammatoire<br \/>\u2022 Modulation du stress et soutien adaptog\u00e8ne<br \/>\u2022 Vitamines et oligo-\u00e9l\u00e9ments essentiels<\/p>\n<p><strong>RevHair+ Hommes recommand\u00e9 comme soutien :<\/strong><br \/>alop\u00e9cie androg\u00e9n\u00e9tique<br \/>\u2022 perte de cheveux induite par le stress<br \/>\u2022 th\u00e9rapies trichologiques et esth\u00e9tiques<br \/>\u2022 r\u00e9g\u00e9n\u00e9ration apr\u00e8s proc\u00e9dures<\/p>\n<p>Une utilisation r\u00e9guli\u00e8re favorise des follicules pileux plus forts, une am\u00e9lioration de la densit\u00e9 et de la qualit\u00e9 des cheveux, ainsi qu'une stabilisation du cycle de croissance.<\/p><\/p>","protected":false},"excerpt":{"rendered":"<p><strong>Formule avanc\u00e9e de long\u00e9vit\u00e9 capillaire pour hommes<\/strong><\/p>\n<p>RevHair+ Men de RevCeuticals\u00ae est un compl\u00e9ment alimentaire de qualit\u00e9 m\u00e9dicale con\u00e7u pour soutenir la sant\u00e9 des cheveux chez les hommes \u00e0 plusieurs niveaux.<\/p>\n<p>La formule a \u00e9t\u00e9 con\u00e7ue en pensant aux m\u00e9canismes biologiques de la chute de cheveux androg\u00e9n\u00e9tique, au stress oxydatif, ainsi qu'\u00e0 l'affaiblissement de la structure du cheveu et du micro-environnement du follicule pileux. C'est une approche compl\u00e8te de la long\u00e9vit\u00e9 capillaire \u2013 protection, renforcement et stabilisation de la croissance sur le long terme.<\/p><\/p>","protected":false},"featured_media":9659,"comment_status":"closed","ping_status":"open","template":"","meta":{"_acf_changed":false},"product_brand":[],"product_cat":[61],"product_tag":[],"class_list":{"0":"post-7625","1":"product","2":"type-product","3":"status-publish","4":"has-post-thumbnail","6":"product_cat-revceuticals","8":"first","9":"instock","10":"taxable","11":"shipping-taxable","12":"purchasable","13":"product-type-simple"},"acf":[],"_links":{"self":[{"href":"https:\/\/www.mrotex.com\/fr\/wp-json\/wp\/v2\/product\/7625","targetHints":{"allow":["GET"]}}],"collection":[{"href":"https:\/\/www.mrotex.com\/fr\/wp-json\/wp\/v2\/product"}],"about":[{"href":"https:\/\/www.mrotex.com\/fr\/wp-json\/wp\/v2\/types\/product"}],"replies":[{"embeddable":true,"href":"https:\/\/www.mrotex.com\/fr\/wp-json\/wp\/v2\/comments?post=7625"}],"wp:featuredmedia":[{"embeddable":true,"href":"https:\/\/www.mrotex.com\/fr\/wp-json\/wp\/v2\/media\/9659"}],"wp:attachment":[{"href":"https:\/\/www.mrotex.com\/fr\/wp-json\/wp\/v2\/media?parent=7625"}],"wp:term":[{"taxonomy":"product_brand","embeddable":true,"href":"https:\/\/www.mrotex.com\/fr\/wp-json\/wp\/v2\/product_brand?post=7625"},{"taxonomy":"product_cat","embeddable":true,"href":"https:\/\/www.mrotex.com\/fr\/wp-json\/wp\/v2\/product_cat?post=7625"},{"taxonomy":"product_tag","embeddable":true,"href":"https:\/\/www.mrotex.com\/fr\/wp-json\/wp\/v2\/product_tag?post=7625"}],"curies":[{"name":"wp","href":"https:\/\/api.w.org\/{rel}","templated":true}]}}